{"id":3696,"date":"2025-01-15T15:46:24","date_gmt":"2025-01-15T14:46:24","guid":{"rendered":"https:\/\/investordays-thueringen.de\/imprint\/"},"modified":"2026-01-27T16:53:13","modified_gmt":"2026-01-27T15:53:13","slug":"imprint","status":"publish","type":"page","link":"https:\/\/investordays-thueringen.de\/en\/imprint\/","title":{"rendered":"Imprint"},"content":{"rendered":"\t\t<div data-elementor-type=\"wp-page\" data-elementor-id=\"3696\" class=\"elementor elementor-3696 elementor-2506\" data-elementor-post-type=\"page\">\n\t\t\t\t<div class=\"elementor-element elementor-element-1d0b37d e-flex e-con-boxed e-con e-parent\" data-id=\"1d0b37d\" data-element_type=\"container\">\n\t\t\t\t\t<div class=\"e-con-inner\">\n\t\t\t\t<div class=\"elementor-element elementor-element-e905fbd elementor-widget elementor-widget-html\" data-id=\"e905fbd\" data-element_type=\"widget\" data-widget_type=\"html.default\">\n\t\t\t\t\t<h2>Design and technical implementation<\/h2><p>\n  <strong>Leadpeak GmbH<\/strong><br> Managing directors authorized to represent the company:<br> Reemt Windmann, Norma Jeising<br> Magdalene Schoch Stra\u00dfe 5<br> 97074 W\u00fcrzburg<br> Telephone number: 0931 80 99 88 99<br> Email: <a href=\"mailto:info@leadpeak.me\">info@leadpeak.me<\/a><br> Website: <a href=\"http:\/\/www.leadpeak.me\" target=\"_blank\">www.leadpeak.me<\/a><\/p>\t\t\t\t<\/div>\n\t\t\t\t<div class=\"elementor-element elementor-element-919b550 elementor-widget elementor-widget-text-editor\" data-id=\"919b550\" data-element_type=\"widget\" data-widget_type=\"text-editor.default\">\n\t\t\t\t\t\t\t\t\t<h1>Imprint<\/h1><p>ThEx innovativ<br>c\/o Stiftung f\u00fcr Technologie, Innovation und Forschung Th\u00fcringen (STIFT)<br>Petersberg 15<br>99084 Erfurt<\/p><p><strong>Authorized representative<\/strong><\/p><p>Executive Board STIFT<br>Dr. Sven G\u00fcnther<br>Christiane Kilian<\/p><p>Petersberg 15<br>99084 Erfurt<\/p><h2>Contact<\/h2><p>Phone: +49 (0)361 78923-50<br>Telefax: +49 (0)361 78923-46<br>E-mail: info@stift-thueringen.de<\/p><p>URL: <a href=\"https:\/\/www.stift-thueringen.de\" target=\"_blank\" rel=\"noopener\">https:\/\/www.stift-thueringen.de<\/a><\/p><h2>VAT ID<\/h2><p>Sales tax identification number according to Sect. 27 a of the Sales Tax Law:<br>DE205326638<\/p><h2>Person responsible for editorial<\/h2><p>Dr. Sven G\u00fcnther, Christiane Kilian<br>STIFT<br>Petersberg 15<br>99084 Erfurt<\/p><h2>Consumer dispute resolution\/universal arbitration body<\/h2><p>We are not willing or obliged to participate in dispute resolution proceedings in front of a consumer arbitration board.<\/p>\t\t\t\t\t\t\t\t<\/div>\n\t\t\t\t\t<\/div>\n\t\t\t\t<\/div>\n\t\t\t\t<\/div>\n\t\t","protected":false},"excerpt":{"rendered":"<p>Design and technical implementation Leadpeak GmbH Managing directors authorized to represent the company: Reemt Windmann, Norma Jeising Magdalene Schoch Stra\u00dfe 5 97074 W\u00fcrzburg Telephone number: 0931 80 99 88 99 Email: info@leadpeak.me Website: www.leadpeak.me Imprint ThEx innovativc\/o Stiftung f\u00fcr Technologie, Innovation und Forschung Th\u00fcringen (STIFT)Petersberg 1599084 Erfurt Authorized representative Executive Board STIFTDr. Sven G\u00fcntherChristiane Kilian [&hellip;]<\/p>\n","protected":false},"author":1,"featured_media":0,"parent":0,"menu_order":0,"comment_status":"closed","ping_status":"closed","template":"","meta":{"_acf_changed":false,"_seopress_robots_primary_cat":"","_seopress_titles_title":"Imprint | Investor Days Thuringia","_seopress_titles_desc":"Impressum: ThEx innovativ c\/o Stiftung f\u00fcr Technologie, Innovation und Forschung Th\u00fcringen (STIFT), Petersberg 15, 99084 Erfurt","_seopress_robots_index":"","footnotes":""},"class_list":["post-3696","page","type-page","status-publish","hentry"],"acf":[],"_links":{"self":[{"href":"https:\/\/investordays-thueringen.de\/en\/wp-json\/wp\/v2\/pages\/3696","targetHints":{"allow":["GET"]}}],"collection":[{"href":"https:\/\/investordays-thueringen.de\/en\/wp-json\/wp\/v2\/pages"}],"about":[{"href":"https:\/\/investordays-thueringen.de\/en\/wp-json\/wp\/v2\/types\/page"}],"author":[{"embeddable":true,"href":"https:\/\/investordays-thueringen.de\/en\/wp-json\/wp\/v2\/users\/1"}],"replies":[{"embeddable":true,"href":"https:\/\/investordays-thueringen.de\/en\/wp-json\/wp\/v2\/comments?post=3696"}],"version-history":[{"count":5,"href":"https:\/\/investordays-thueringen.de\/en\/wp-json\/wp\/v2\/pages\/3696\/revisions"}],"predecessor-version":[{"id":6663,"href":"https:\/\/investordays-thueringen.de\/en\/wp-json\/wp\/v2\/pages\/3696\/revisions\/6663"}],"wp:attachment":[{"href":"https:\/\/investordays-thueringen.de\/en\/wp-json\/wp\/v2\/media?parent=3696"}],"curies":[{"name":"wp","href":"https:\/\/api.w.org\/{rel}","templated":true}]}}